{"id":21381,"date":"2023-11-22T15:36:42","date_gmt":"2023-11-22T14:36:42","guid":{"rendered":"http:\/\/agence-petit-gastronome.fr\/dev\/wine-house\/?page_id=21381"},"modified":"2024-01-04T12:53:29","modified_gmt":"2024-01-04T11:53:29","slug":"actus","status":"publish","type":"page","link":"http:\/\/agence-petit-gastronome.fr\/dev\/wine-house\/actus\/","title":{"rendered":"Nos Actualit\u00e9s"},"content":{"rendered":"\t\t<div data-elementor-type=\"wp-page\" data-elementor-id=\"21381\" class=\"elementor elementor-21381\">\n\t\t\t\t\t\t\t\t\t<section class=\"elementor-section elementor-top-section elementor-element elementor-element-6cbdb88 elementor-section-full_width elementor-section-stretched elementor-section-height-default elementor-section-height-default sc_fly_static\" data-id=\"6cbdb88\" data-element_type=\"section\" data-settings=\"{&quot;stretch_section&quot;:&quot;section-stretched&quot;,&quot;background_background&quot;:&quot;classic&quot;}\">\n\t\t\t\t\t\t\t<div class=\"elementor-background-overlay\"><\/div>\n\t\t\t\t\t\t\t<div class=\"elementor-container elementor-column-gap-extended\">\n\t\t\t\t\t<div class=\"elementor-column elementor-col-100 elementor-top-column elementor-element elementor-element-d9abe31 sc_inner_width_none sc_content_align_inherit sc_layouts_column_icons_position_left sc_fly_static\" data-id=\"d9abe31\" data-element_type=\"column\">\n\t\t\t<div class=\"elementor-widget-wrap elementor-element-populated\">\n\t\t\t\t\t\t\t\t<div class=\"elementor-element elementor-element-9149041 sc_fly_static elementor-widget elementor-widget-heading\" data-id=\"9149041\" data-element_type=\"widget\" data-widget_type=\"heading.default\">\n\t\t\t\t<div class=\"elementor-widget-container\">\n\t\t\t<h1 class=\"elementor-heading-title elementor-size-default\">Nos Actualit\u00e9s<\/h1>\t\t<\/div>\n\t\t\t\t<\/div>\n\t\t\t\t\t<\/div>\n\t\t<\/div>\n\t\t\t\t\t\t\t<\/div>\n\t\t<\/section>\n\t\t\t\t<section class=\"elementor-section elementor-top-section elementor-element elementor-element-392e47f elementor-section-boxed elementor-section-height-default elementor-section-height-default sc_fly_static\" data-id=\"392e47f\" data-element_type=\"section\">\n\t\t\t\t\t\t<div class=\"elementor-container elementor-column-gap-extended\">\n\t\t\t\t\t<div class=\"elementor-column elementor-col-100 elementor-top-column elementor-element elementor-element-c03cc6a sc_inner_width_none sc_content_align_inherit sc_layouts_column_icons_position_left sc_fly_static\" data-id=\"c03cc6a\" data-element_type=\"column\">\n\t\t\t<div class=\"elementor-widget-wrap elementor-element-populated\">\n\t\t\t\t\t\t\t\t<div class=\"elementor-element elementor-element-22cfb79 sc_fly_static elementor-widget elementor-widget-trx_sc_services\" data-id=\"22cfb79\" data-element_type=\"widget\" data-widget_type=\"trx_sc_services.default\">\n\t\t\t\t<div class=\"elementor-widget-container\">\n\t\t\t<div class=\"sc_services sc_services_classic sc_services_featured_top\"><div class=\"sc_services_columns_wrap sc_item_columns sc_item_posts_container sc_item_columns_3 trx_addons_columns_wrap columns_padding_bottom\"><div class=\"trx_addons_column-1_3 \"><div data-post-id=\"20287\" class=\"sc_services_item sc_item_container post_container with_more with_content with_image sc_services_item_featured_none post-20287 post type-post status-publish format-standard has-post-thumbnail hentry category-cuisine\">\n\t\t<div class=\"sc_services_item_content \" style=\"background-image: url(http:\/\/agence-petit-gastronome.fr\/dev\/wine-house\/wp-content\/uploads\/2023\/11\/articles-11-840x896.jpg);\">\n\t\t\t\t<div class=\"sc_services_item_content_inner\"><div class=\"sc_services_item_content_inner_bottom\"><div class=\"sc_services_item_info_wrap\">\n                    <div class=\"sc_services_item_title_wrap\">\n                        <h6 class=\"sc_services_item_title\"><a href=\"http:\/\/agence-petit-gastronome.fr\/dev\/wine-house\/la-dietetique\/\">La Di\u00e9t\u00e9tique<\/a><\/h6>\n                        <div class=\"sc_services_item_subtitle\"><a href=\"http:\/\/agence-petit-gastronome.fr\/dev\/wine-house\/category\/cuisine\/\" title=\"View all posts in Cuisine\">Cuisine<\/a><\/div><\/div><div class=\"sc_services_item_button sc_item_button\">\n                        <a href=\"http:\/\/agence-petit-gastronome.fr\/dev\/wine-house\/la-dietetique\/\" class=\"sc_services_item_more_link\">\n                            <span class=\"link_text\">Read more<\/span><span class=\"link_icon\"><\/span>\n                        <\/a>\n                        <\/div><\/div><div class=\"sc_services_item_text\"><p>La di\u00e9t\u00e9tique ou l\u2019art de raisonner une Cuisine afin qu\u2019elle fournisse de fa\u00e7on \u00e9quilibr\u00e9e<\/p>\n<\/div><\/div><\/div><a class=\"sc_services_item_link\" href=\"http:\/\/agence-petit-gastronome.fr\/dev\/wine-house\/la-dietetique\/\"><\/a><\/div><\/div><\/div><div class=\"trx_addons_column-1_3 \"><div data-post-id=\"20298\" class=\"sc_services_item sc_item_container post_container with_more with_content with_image sc_services_item_featured_none post-20298 post type-post status-publish format-standard has-post-thumbnail hentry category-cuisine\">\n\t\t<div class=\"sc_services_item_content \" style=\"background-image: url(http:\/\/agence-petit-gastronome.fr\/dev\/wine-house\/wp-content\/uploads\/2023\/11\/articles-2-840x896.jpg);\">\n\t\t\t\t<div class=\"sc_services_item_content_inner\"><div class=\"sc_services_item_content_inner_bottom\"><div class=\"sc_services_item_info_wrap\">\n                    <div class=\"sc_services_item_title_wrap\">\n                        <h6 class=\"sc_services_item_title\"><a href=\"http:\/\/agence-petit-gastronome.fr\/dev\/wine-house\/en-attendant-le-printemps\/\">En attendant le Printemps<\/a><\/h6>\n                        <div class=\"sc_services_item_subtitle\"><a href=\"http:\/\/agence-petit-gastronome.fr\/dev\/wine-house\/category\/cuisine\/\" title=\"View all posts in Cuisine\">Cuisine<\/a><\/div><\/div><div class=\"sc_services_item_button sc_item_button\">\n                        <a href=\"http:\/\/agence-petit-gastronome.fr\/dev\/wine-house\/en-attendant-le-printemps\/\" class=\"sc_services_item_more_link\">\n                            <span class=\"link_text\">Read more<\/span><span class=\"link_icon\"><\/span>\n                        <\/a>\n                        <\/div><\/div><div class=\"sc_services_item_text\"><p>Alors que le mois de F\u00e9vrier s\u2019est termin\u00e9 sur des temp\u00e9ratures presque Printani\u00e8re<\/p>\n<\/div><\/div><\/div><a class=\"sc_services_item_link\" href=\"http:\/\/agence-petit-gastronome.fr\/dev\/wine-house\/en-attendant-le-printemps\/\"><\/a><\/div><\/div><\/div><div class=\"trx_addons_column-1_3 \"><div data-post-id=\"20306\" class=\"sc_services_item sc_item_container post_container with_more with_content with_image sc_services_item_featured_none post-20306 post type-post status-publish format-standard has-post-thumbnail hentry category-cuisine\">\n\t\t<div class=\"sc_services_item_content \" style=\"background-image: url(http:\/\/agence-petit-gastronome.fr\/dev\/wine-house\/wp-content\/uploads\/2023\/11\/autour-840x896.jpg);\">\n\t\t\t\t<div class=\"sc_services_item_content_inner\"><div class=\"sc_services_item_content_inner_bottom\"><div class=\"sc_services_item_info_wrap\">\n                    <div class=\"sc_services_item_title_wrap\">\n                        <h6 class=\"sc_services_item_title\"><a href=\"http:\/\/agence-petit-gastronome.fr\/dev\/wine-house\/autour-dun-plat\/\">Autour d&#8217;un plat !<\/a><\/h6>\n                        <div class=\"sc_services_item_subtitle\"><a href=\"http:\/\/agence-petit-gastronome.fr\/dev\/wine-house\/category\/cuisine\/\" title=\"View all posts in Cuisine\">Cuisine<\/a><\/div><\/div><div class=\"sc_services_item_button sc_item_button\">\n                        <a href=\"http:\/\/agence-petit-gastronome.fr\/dev\/wine-house\/autour-dun-plat\/\" class=\"sc_services_item_more_link\">\n                            <span class=\"link_text\">Read more<\/span><span class=\"link_icon\"><\/span>\n                        <\/a>\n                        <\/div><\/div><div class=\"sc_services_item_text\"><p>Aujourd\u2019hui je vous emm\u00e8ne dans les coulisses de la cr\u00e9ation d\u2019une recette<\/p>\n<\/div><\/div><\/div><a class=\"sc_services_item_link\" href=\"http:\/\/agence-petit-gastronome.fr\/dev\/wine-house\/autour-dun-plat\/\"><\/a><\/div><\/div><\/div><div class=\"trx_addons_column-1_3 \"><div data-post-id=\"20316\" class=\"sc_services_item sc_item_container post_container with_more with_content with_image sc_services_item_featured_none post-20316 post type-post status-publish format-standard has-post-thumbnail hentry category-cuisine\">\n\t\t<div class=\"sc_services_item_content \" style=\"background-image: url(http:\/\/agence-petit-gastronome.fr\/dev\/wine-house\/wp-content\/uploads\/2023\/11\/articles-4-840x896.jpg);\">\n\t\t\t\t<div class=\"sc_services_item_content_inner\"><div class=\"sc_services_item_content_inner_bottom\"><div class=\"sc_services_item_info_wrap\">\n                    <div class=\"sc_services_item_title_wrap\">\n                        <h6 class=\"sc_services_item_title\"><a href=\"http:\/\/agence-petit-gastronome.fr\/dev\/wine-house\/le-bilan\/\">Le Bilan<\/a><\/h6>\n                        <div class=\"sc_services_item_subtitle\"><a href=\"http:\/\/agence-petit-gastronome.fr\/dev\/wine-house\/category\/cuisine\/\" title=\"View all posts in Cuisine\">Cuisine<\/a><\/div><\/div><div class=\"sc_services_item_button sc_item_button\">\n                        <a href=\"http:\/\/agence-petit-gastronome.fr\/dev\/wine-house\/le-bilan\/\" class=\"sc_services_item_more_link\">\n                            <span class=\"link_text\">Read more<\/span><span class=\"link_icon\"><\/span>\n                        <\/a>\n                        <\/div><\/div><div class=\"sc_services_item_text\"><p>Voil\u00e0 bient\u00f4t 8 ans \u2013 en Septembre pr\u00e9cis\u00e9ment \u2013 que nous avons ouvert le restaurant C\u00f4teaux et Fourchettes. Et comme je l\u2019ai d\u00e9j\u00e0 dit ce qui \u00e9tait l\u2019ach\u00e8vement d\u2019une envie,&hellip;<\/p>\n<\/div><\/div><\/div><a class=\"sc_services_item_link\" href=\"http:\/\/agence-petit-gastronome.fr\/dev\/wine-house\/le-bilan\/\"><\/a><\/div><\/div><\/div><div class=\"trx_addons_column-1_3 \"><div data-post-id=\"20322\" class=\"sc_services_item sc_item_container post_container with_more with_content with_image sc_services_item_featured_none post-20322 post type-post status-publish format-standard has-post-thumbnail hentry category-cuisine\">\n\t\t<div class=\"sc_services_item_content \" style=\"background-image: url(http:\/\/agence-petit-gastronome.fr\/dev\/wine-house\/wp-content\/uploads\/2023\/11\/articles-5.jpg);\">\n\t\t\t\t<div class=\"sc_services_item_content_inner\"><div class=\"sc_services_item_content_inner_bottom\"><div class=\"sc_services_item_info_wrap\">\n                    <div class=\"sc_services_item_title_wrap\">\n                        <h6 class=\"sc_services_item_title\"><a href=\"http:\/\/agence-petit-gastronome.fr\/dev\/wine-house\/le-terroir\/\">Le Terroir<\/a><\/h6>\n                        <div class=\"sc_services_item_subtitle\"><a href=\"http:\/\/agence-petit-gastronome.fr\/dev\/wine-house\/category\/cuisine\/\" title=\"View all posts in Cuisine\">Cuisine<\/a><\/div><\/div><div class=\"sc_services_item_button sc_item_button\">\n                        <a href=\"http:\/\/agence-petit-gastronome.fr\/dev\/wine-house\/le-terroir\/\" class=\"sc_services_item_more_link\">\n                            <span class=\"link_text\">Read more<\/span><span class=\"link_icon\"><\/span>\n                        <\/a>\n                        <\/div><\/div><div class=\"sc_services_item_text\"><p>Aujourd\u2019hui pour beaucoup de Chefs, jouer le jeu de la localit\u00e9 tombe sous le sens. C\u2019est en effet synonyme de qualit\u00e9 mais pas seulement. Le premier avantage que je vois&hellip;<\/p>\n<\/div><\/div><\/div><a class=\"sc_services_item_link\" href=\"http:\/\/agence-petit-gastronome.fr\/dev\/wine-house\/le-terroir\/\"><\/a><\/div><\/div><\/div><div class=\"trx_addons_column-1_3 \"><div data-post-id=\"20328\" class=\"sc_services_item sc_item_container post_container with_more with_content with_image sc_services_item_featured_none post-20328 post type-post status-publish format-standard has-post-thumbnail hentry category-cuisine\">\n\t\t<div class=\"sc_services_item_content \" style=\"background-image: url(http:\/\/agence-petit-gastronome.fr\/dev\/wine-house\/wp-content\/uploads\/2023\/11\/articles-6-840x896.jpg);\">\n\t\t\t\t<div class=\"sc_services_item_content_inner\"><div class=\"sc_services_item_content_inner_bottom\"><div class=\"sc_services_item_info_wrap\">\n                    <div class=\"sc_services_item_title_wrap\">\n                        <h6 class=\"sc_services_item_title\"><a href=\"http:\/\/agence-petit-gastronome.fr\/dev\/wine-house\/le-vin\/\">Le Vin<\/a><\/h6>\n                        <div class=\"sc_services_item_subtitle\"><a href=\"http:\/\/agence-petit-gastronome.fr\/dev\/wine-house\/category\/cuisine\/\" title=\"View all posts in Cuisine\">Cuisine<\/a><\/div><\/div><div class=\"sc_services_item_button sc_item_button\">\n                        <a href=\"http:\/\/agence-petit-gastronome.fr\/dev\/wine-house\/le-vin\/\" class=\"sc_services_item_more_link\">\n                            <span class=\"link_text\">Read more<\/span><span class=\"link_icon\"><\/span>\n                        <\/a>\n                        <\/div><\/div><div class=\"sc_services_item_text\"><p>Le Vin est intimement li\u00e9 \u00e0 la Gastronomie. D\u2019ailleurs pendant ma formation je me souviens d\u2019avoir eu des cours de Sommellerie que j\u2019ai survol\u00e9 \u00e0 l\u2019\u00e9poque, \u00e9tant plus passionn\u00e9 par&hellip;<\/p>\n<\/div><\/div><\/div><a class=\"sc_services_item_link\" href=\"http:\/\/agence-petit-gastronome.fr\/dev\/wine-house\/le-vin\/\"><\/a><\/div><\/div><\/div><div class=\"trx_addons_column-1_3 \"><div data-post-id=\"20331\" class=\"sc_services_item sc_item_container post_container with_more with_content with_image sc_services_item_featured_none post-20331 post type-post status-publish format-standard has-post-thumbnail hentry category-cuisine\">\n\t\t<div class=\"sc_services_item_content \" style=\"background-image: url(http:\/\/agence-petit-gastronome.fr\/dev\/wine-house\/wp-content\/uploads\/2023\/11\/articles-7.jpg);\">\n\t\t\t\t<div class=\"sc_services_item_content_inner\"><div class=\"sc_services_item_content_inner_bottom\"><div class=\"sc_services_item_info_wrap\">\n                    <div class=\"sc_services_item_title_wrap\">\n                        <h6 class=\"sc_services_item_title\"><a href=\"http:\/\/agence-petit-gastronome.fr\/dev\/wine-house\/mes-souvenirs-de-voyage\/\">&#8221; Mes Souvenirs de Voyage &#8220;<\/a><\/h6>\n                        <div class=\"sc_services_item_subtitle\"><a href=\"http:\/\/agence-petit-gastronome.fr\/dev\/wine-house\/category\/cuisine\/\" title=\"View all posts in Cuisine\">Cuisine<\/a><\/div><\/div><div class=\"sc_services_item_button sc_item_button\">\n                        <a href=\"http:\/\/agence-petit-gastronome.fr\/dev\/wine-house\/mes-souvenirs-de-voyage\/\" class=\"sc_services_item_more_link\">\n                            <span class=\"link_text\">Read more<\/span><span class=\"link_icon\"><\/span>\n                        <\/a>\n                        <\/div><\/div><div class=\"sc_services_item_text\"><p>Je pourrais ais\u00e9ment consid\u00e9rer qu\u2019il y a eu deux temps dans ma carri\u00e8re de Cuisinier.<\/p>\n<\/div><\/div><\/div><a class=\"sc_services_item_link\" href=\"http:\/\/agence-petit-gastronome.fr\/dev\/wine-house\/mes-souvenirs-de-voyage\/\"><\/a><\/div><\/div><\/div><div class=\"trx_addons_column-1_3 \"><div data-post-id=\"21581\" class=\"sc_services_item sc_item_container post_container with_more with_content with_image sc_services_item_featured_none post-21581 post type-post status-publish format-standard has-post-thumbnail hentry category-cuisine\">\n\t\t<div class=\"sc_services_item_content \" style=\"background-image: url(http:\/\/agence-petit-gastronome.fr\/dev\/wine-house\/wp-content\/uploads\/2023\/11\/2H3A6130-840x368.jpg);\">\n\t\t\t\t<div class=\"sc_services_item_content_inner\"><div class=\"sc_services_item_content_inner_bottom\"><div class=\"sc_services_item_info_wrap\">\n                    <div class=\"sc_services_item_title_wrap\">\n                        <h6 class=\"sc_services_item_title\"><a href=\"http:\/\/agence-petit-gastronome.fr\/dev\/wine-house\/autour-des-legumes-de-saison\/\">&#8220;Autour des L\u00e9gumes de Saison&#8221;<\/a><\/h6>\n                        <div class=\"sc_services_item_subtitle\"><a href=\"http:\/\/agence-petit-gastronome.fr\/dev\/wine-house\/category\/cuisine\/\" title=\"View all posts in Cuisine\">Cuisine<\/a><\/div><\/div><div class=\"sc_services_item_button sc_item_button\">\n                        <a href=\"http:\/\/agence-petit-gastronome.fr\/dev\/wine-house\/autour-des-legumes-de-saison\/\" class=\"sc_services_item_more_link\">\n                            <span class=\"link_text\">Read more<\/span><span class=\"link_icon\"><\/span>\n                        <\/a>\n                        <\/div><\/div><div class=\"sc_services_item_text\"><p>Nous sommes pleinement sortis de l&#8217;Hiver, la belle saison pointe le bout de son nez<\/p>\n<\/div><\/div><\/div><a class=\"sc_services_item_link\" href=\"http:\/\/agence-petit-gastronome.fr\/dev\/wine-house\/autour-des-legumes-de-saison\/\"><\/a><\/div><\/div><\/div><div class=\"trx_addons_column-1_3 \"><div data-post-id=\"21586\" class=\"sc_services_item sc_item_container post_container with_more with_content with_image sc_services_item_featured_none post-21586 post type-post status-publish format-standard has-post-thumbnail hentry category-cuisine\">\n\t\t<div class=\"sc_services_item_content \" style=\"background-image: url(http:\/\/agence-petit-gastronome.fr\/dev\/wine-house\/wp-content\/uploads\/2023\/11\/4F0A7365-1-840x368.jpg);\">\n\t\t\t\t<div class=\"sc_services_item_content_inner\"><div class=\"sc_services_item_content_inner_bottom\"><div class=\"sc_services_item_info_wrap\">\n                    <div class=\"sc_services_item_title_wrap\">\n                        <h6 class=\"sc_services_item_title\"><a href=\"http:\/\/agence-petit-gastronome.fr\/dev\/wine-house\/mon-parcours\/\">&#8220;Mon parcours&#8221;<\/a><\/h6>\n                        <div class=\"sc_services_item_subtitle\"><a href=\"http:\/\/agence-petit-gastronome.fr\/dev\/wine-house\/category\/cuisine\/\" title=\"View all posts in Cuisine\">Cuisine<\/a><\/div><\/div><div class=\"sc_services_item_button sc_item_button\">\n                        <a href=\"http:\/\/agence-petit-gastronome.fr\/dev\/wine-house\/mon-parcours\/\" class=\"sc_services_item_more_link\">\n                            <span class=\"link_text\">Read more<\/span><span class=\"link_icon\"><\/span>\n                        <\/a>\n                        <\/div><\/div><div class=\"sc_services_item_text\"><p>\u00ab Dis-moi d\u2019o\u00f9 tu viens, je te dirais o\u00f9 tu vas \u2026 \u00bb [Adage Populaire]<\/p>\n<\/div><\/div><\/div><a class=\"sc_services_item_link\" href=\"http:\/\/agence-petit-gastronome.fr\/dev\/wine-house\/mon-parcours\/\"><\/a><\/div><\/div><\/div><\/div><\/div>\t\t<\/div>\n\t\t\t\t<\/div>\n\t\t\t\t\t<\/div>\n\t\t<\/div>\n\t\t\t\t\t\t\t<\/div>\n\t\t<\/section>\n\t\t\t\t<section class=\"elementor-section elementor-top-section elementor-element elementor-element-10fa1d6 elementor-section-full_width sc_layouts_hide_on_mobile elementor-section-height-default elementor-section-height-default sc_fly_static\" data-id=\"10fa1d6\" data-element_type=\"section\" data-settings=\"{&quot;background_background&quot;:&quot;classic&quot;}\">\n\t\t\t\t\t\t<div class=\"elementor-container elementor-column-gap-extended\">\n\t\t\t\t\t<div class=\"elementor-column elementor-col-100 elementor-top-column elementor-element elementor-element-527c15e sc_inner_width_none sc_content_align_inherit sc_layouts_column_icons_position_left sc_fly_static\" data-id=\"527c15e\" data-element_type=\"column\">\n\t\t\t<div class=\"elementor-widget-wrap elementor-element-populated\">\n\t\t\t\t\t\t\t\t<div class=\"elementor-element elementor-element-e233a94 0 sc_fly_static elementor-widget elementor-widget-trx_widget_instagram\" data-id=\"e233a94\" data-element_type=\"widget\" data-widget_type=\"trx_widget_instagram.default\">\n\t\t\t\t<div class=\"elementor-widget-container\">\n\t\t\t<div class=\"widget_area sc_widget_instagram\"><aside class=\"widget widget_instagram\"><div class=\"widget_instagram_wrap widget_instagram_type_simple\">\n\t<div class=\"widget_instagram_images widget_instagram_images_columns_5 trx_addons_inline_1542392991\"><div class=\"widget_instagram_images_item_wrap trx_addons_inline_1877407629\"><a href=\"\/\/agence-petit-gastronome.fr\/dev\/wine-house\/wp-content\/uploads\/2023\/11\/bas-page-1.jpg\" title=\"\" rel=\"magnific\" class=\"widget_instagram_images_item widget_instagram_images_item_type_image\"><img loading=\"lazy\" src=\"\/\/agence-petit-gastronome.fr\/dev\/wine-house\/wp-content\/uploads\/2023\/11\/bas-page-1.jpg\" width=\"1500\" height=\"1500\" alt=\"\"><span class=\"widget_instagram_images_item_counters\"><span class=\"widget_instagram_images_item_counter_likes trx_addons_icon-heart\">4<\/span><span class=\"widget_instagram_images_item_counter_comments trx_addons_icon-comment\">55<\/span><\/span><\/a><\/div><div class=\"widget_instagram_images_item_wrap trx_addons_inline_599338667\"><a href=\"\/\/agence-petit-gastronome.fr\/dev\/wine-house\/wp-content\/uploads\/2023\/11\/bas-page-4.jpg\" title=\"\" rel=\"magnific\" class=\"widget_instagram_images_item widget_instagram_images_item_type_image\"><img loading=\"lazy\" src=\"\/\/agence-petit-gastronome.fr\/dev\/wine-house\/wp-content\/uploads\/2023\/11\/bas-page-4.jpg\" width=\"1500\" height=\"1500\" alt=\"\"><span class=\"widget_instagram_images_item_counters\"><span class=\"widget_instagram_images_item_counter_likes trx_addons_icon-heart\">18<\/span><span class=\"widget_instagram_images_item_counter_comments trx_addons_icon-comment\">25<\/span><\/span><\/a><\/div><div class=\"widget_instagram_images_item_wrap trx_addons_inline_1267689644\"><a href=\"\/\/agence-petit-gastronome.fr\/dev\/wine-house\/wp-content\/uploads\/2023\/11\/bas-page-6.jpg\" title=\"\" rel=\"magnific\" class=\"widget_instagram_images_item widget_instagram_images_item_type_image\"><img loading=\"lazy\" src=\"\/\/agence-petit-gastronome.fr\/dev\/wine-house\/wp-content\/uploads\/2023\/11\/bas-page-6.jpg\" width=\"1500\" height=\"1500\" alt=\"\"><span class=\"widget_instagram_images_item_counters\"><span class=\"widget_instagram_images_item_counter_likes trx_addons_icon-heart\">35<\/span><span class=\"widget_instagram_images_item_counter_comments trx_addons_icon-comment\">46<\/span><\/span><\/a><\/div><div class=\"widget_instagram_images_item_wrap trx_addons_inline_695260082\"><a href=\"\/\/agence-petit-gastronome.fr\/dev\/wine-house\/wp-content\/uploads\/2023\/11\/bas-page-5.jpg\" title=\"\" rel=\"magnific\" class=\"widget_instagram_images_item widget_instagram_images_item_type_image\"><img loading=\"lazy\" src=\"\/\/agence-petit-gastronome.fr\/dev\/wine-house\/wp-content\/uploads\/2023\/11\/bas-page-5.jpg\" width=\"315\" height=\"315\" alt=\"\"><span class=\"widget_instagram_images_item_counters\"><span class=\"widget_instagram_images_item_counter_likes trx_addons_icon-heart\">64<\/span><span class=\"widget_instagram_images_item_counter_comments trx_addons_icon-comment\">42<\/span><\/span><\/a><\/div><div class=\"widget_instagram_images_item_wrap trx_addons_inline_1458323302\"><a href=\"\/\/agence-petit-gastronome.fr\/dev\/wine-house\/wp-content\/uploads\/2023\/11\/bas-page-3.jpg\" title=\"\" rel=\"magnific\" class=\"widget_instagram_images_item widget_instagram_images_item_type_image\"><img loading=\"lazy\" src=\"\/\/agence-petit-gastronome.fr\/dev\/wine-house\/wp-content\/uploads\/2023\/11\/bas-page-3.jpg\" width=\"1500\" height=\"1500\" alt=\"\"><span class=\"widget_instagram_images_item_counters\"><span class=\"widget_instagram_images_item_counter_likes trx_addons_icon-heart\">86<\/span><span class=\"widget_instagram_images_item_counter_comments trx_addons_icon-comment\">33<\/span><\/span><\/a><\/div><\/div><\/div><\/aside><\/div>\t\t<\/div>\n\t\t\t\t<\/div>\n\t\t\t\t\t<\/div>\n\t\t<\/div>\n\t\t\t\t\t\t\t<\/div>\n\t\t<\/section>\n\t\t\t\t\t\t\t<\/div>\n\t\t","protected":false},"excerpt":{"rendered":"<p>Nos Actualit\u00e9s La Di\u00e9t\u00e9tique Cuisine Read more La di\u00e9t\u00e9tique ou l\u2019art de raisonner une Cuisine afin qu\u2019elle fournisse de fa\u00e7on \u00e9quilibr\u00e9e En attendant le Printemps Cuisine Read more Alors que&hellip;<\/p>\n","protected":false},"author":1,"featured_media":0,"parent":0,"menu_order":0,"comment_status":"closed","ping_status":"closed","template":"","meta":[],"_links":{"self":[{"href":"http:\/\/agence-petit-gastronome.fr\/dev\/wine-house\/wp-json\/wp\/v2\/pages\/21381"}],"collection":[{"href":"http:\/\/agence-petit-gastronome.fr\/dev\/wine-house\/wp-json\/wp\/v2\/pages"}],"about":[{"href":"http:\/\/agence-petit-gastronome.fr\/dev\/wine-house\/wp-json\/wp\/v2\/types\/page"}],"author":[{"embeddable":true,"href":"http:\/\/agence-petit-gastronome.fr\/dev\/wine-house\/wp-json\/wp\/v2\/users\/1"}],"replies":[{"embeddable":true,"href":"http:\/\/agence-petit-gastronome.fr\/dev\/wine-house\/wp-json\/wp\/v2\/comments?post=21381"}],"version-history":[{"count":13,"href":"http:\/\/agence-petit-gastronome.fr\/dev\/wine-house\/wp-json\/wp\/v2\/pages\/21381\/revisions"}],"predecessor-version":[{"id":21758,"href":"http:\/\/agence-petit-gastronome.fr\/dev\/wine-house\/wp-json\/wp\/v2\/pages\/21381\/revisions\/21758"}],"wp:attachment":[{"href":"http:\/\/agence-petit-gastronome.fr\/dev\/wine-house\/wp-json\/wp\/v2\/media?parent=21381"}],"curies":[{"name":"wp","href":"https:\/\/api.w.org\/{rel}","templated":true}]}}